{"id":1646,"date":"2024-08-20T12:07:47","date_gmt":"2024-08-20T12:07:47","guid":{"rendered":"https:\/\/breakinclan.com\/quen-somos\/"},"modified":"2026-01-18T17:19:35","modified_gmt":"2026-01-18T17:19:35","slug":"quen-somos","status":"publish","type":"page","link":"https:\/\/breakinclan.com\/gl\/quen-somos\/","title":{"rendered":"Quen Somos"},"content":{"rendered":"<p>[et_pb_section fb_built=&#8221;1&#8243; admin_label=&#8221;About Section&#8221; _builder_version=&#8221;4.22.2&#8243; background_color=&#8221;#000000&#8243; custom_margin=&#8221;||-71px|||&#8221; custom_padding=&#8221;0px||0px|||&#8221; saved_tabs=&#8221;all&#8221; global_colors_info=&#8221;{}&#8221;][\/et_pb_section][et_pb_section fb_built=&#8221;1&#8243; _builder_version=&#8221;4.27.5&#8243; _module_preset=&#8221;default&#8221; min_height=&#8221;670.3px&#8221; custom_margin=&#8221;||0px|||&#8221; custom_padding=&#8221;||176px|||&#8221; global_colors_info=&#8221;{}&#8221; locked=&#8221;off&#8221;][et_pb_row column_structure=&#8221;1_5,1_5,1_5,1_5,1_5&#8243; _builder_version=&#8221;4.27.5&#8243; _module_preset=&#8221;default&#8221; global_colors_info=&#8221;{}&#8221;][et_pb_column type=&#8221;1_5&#8243; _builder_version=&#8221;4.27.5&#8243; _module_preset=&#8221;default&#8221; background_image=&#8221;https:\/\/breakinclan.com\/wp-content\/uploads\/BGIRL-scaled-e1698843285141.jpg&#8221; global_colors_info=&#8221;{}&#8221;][et_pb_slider show_arrows=&#8221;off&#8221; show_pagination=&#8221;off&#8221; _builder_version=&#8221;4.27.5&#8243; _module_preset=&#8221;default&#8221; header_font=&#8221;Bebas Neue||||||||&#8221; background_image=&#8221;https:\/\/breakinclan.com\/wp-content\/uploads\/BGIRL-scaled-e1698843285141.jpg&#8221; custom_button=&#8221;on&#8221; button_text_size=&#8221;1px&#8221; button_text_color=&#8221;RGBA(255,255,255,0)&#8221; button_alignment=&#8221;center&#8221; min_height=&#8221;331.4px&#8221; custom_margin=&#8221;||-76px|||&#8221; custom_padding=&#8221;168px|22px|158px||false|&#8221; auto=&#8221;on&#8221; global_colors_info=&#8221;{}&#8221;][et_pb_slide heading=&#8221;NAZARETH ALVARADO&#8221; button_text=&#8221;Clics&#8221; _builder_version=&#8221;4.27.5&#8243; _module_preset=&#8221;default&#8221; header_font=&#8221;Bebas Neue||||||||&#8221; header_text_color=&#8221;#fdcf03&#8243; header_font_size=&#8221;28px&#8221; text_orientation=&#8221;center&#8221; header_text_shadow_style=&#8221;preset5&#8243; text_shadow_style=&#8221;preset1&#8243; text_shadow_color=&#8221;#fdcf03&#8243; global_colors_info=&#8221;{}&#8221; sticky_transition=&#8221;on&#8221;][\/et_pb_slide][\/et_pb_slider][\/et_pb_column][et_pb_column type=&#8221;1_5&#8243; _builder_version=&#8221;4.27.5&#8243; _module_preset=&#8221;default&#8221; background_image=&#8221;https:\/\/breakinclan.com\/wp-content\/uploads\/DANI-e1768748600227.png&#8221; background_position=&#8221;center_left&#8221; global_colors_info=&#8221;{}&#8221;][et_pb_slider show_arrows=&#8221;off&#8221; show_pagination=&#8221;off&#8221; _builder_version=&#8221;4.27.5&#8243; _module_preset=&#8221;default&#8221; header_font=&#8221;Bebas Neue||||||||&#8221; background_image=&#8221;https:\/\/breakinclan.com\/wp-content\/uploads\/DANI-e1768748600227.png&#8221; background_position=&#8221;center_left&#8221; custom_button=&#8221;on&#8221; button_text_size=&#8221;1px&#8221; button_text_color=&#8221;RGBA(255,255,255,0)&#8221; button_alignment=&#8221;center&#8221; min_height=&#8221;331.4px&#8221; custom_margin=&#8221;||-76px|||&#8221; custom_padding=&#8221;168px|22px|158px||false|&#8221; global_colors_info=&#8221;{}&#8221;][et_pb_slide heading=&#8221;DANIEL PAZOS&#8221; button_text=&#8221;Clics&#8221; _builder_version=&#8221;4.27.5&#8243; _module_preset=&#8221;default&#8221; header_font=&#8221;Bebas Neue||||||||&#8221; header_text_color=&#8221;#fdcf03&#8243; header_font_size=&#8221;28px&#8221; text_orientation=&#8221;center&#8221; header_text_shadow_style=&#8221;preset5&#8243; text_shadow_style=&#8221;preset1&#8243; text_shadow_color=&#8221;#fdcf03&#8243; global_colors_info=&#8221;{}&#8221; sticky_transition=&#8221;on&#8221;][\/et_pb_slide][\/et_pb_slider][\/et_pb_column][et_pb_column type=&#8221;1_5&#8243; _builder_version=&#8221;4.27.5&#8243; _module_preset=&#8221;default&#8221; background_image=&#8221;https:\/\/breakinclan.com\/wp-content\/uploads\/BGIRL-scaled-e1698843285141.jpg&#8221; global_colors_info=&#8221;{}&#8221;][et_pb_slider show_arrows=&#8221;off&#8221; show_pagination=&#8221;off&#8221; _builder_version=&#8221;4.27.5&#8243; _module_preset=&#8221;default&#8221; header_font=&#8221;Bebas Neue||||||||&#8221; background_image=&#8221;https:\/\/breakinclan.com\/wp-content\/uploads\/MG_3278-2-e1724530614898.jpg&#8221; custom_button=&#8221;on&#8221; button_text_size=&#8221;1px&#8221; button_text_color=&#8221;RGBA(255,255,255,0)&#8221; button_alignment=&#8221;center&#8221; min_height=&#8221;334.4px&#8221; custom_margin=&#8221;||-2px|||&#8221; custom_padding=&#8221;168px|22px|186px||false|&#8221; global_colors_info=&#8221;{}&#8221;][et_pb_slide heading=&#8221;ARTUR  LAGO&#8221; button_text=&#8221;Clics&#8221; _builder_version=&#8221;4.27.5&#8243; _module_preset=&#8221;default&#8221; header_font=&#8221;Bebas Neue||||||||&#8221; header_text_color=&#8221;#fdcf03&#8243; header_font_size=&#8221;28px&#8221; text_orientation=&#8221;center&#8221; header_text_shadow_style=&#8221;preset5&#8243; text_shadow_style=&#8221;preset1&#8243; text_shadow_color=&#8221;#fdcf03&#8243; global_colors_info=&#8221;{}&#8221; sticky_transition=&#8221;on&#8221;][\/et_pb_slide][\/et_pb_slider][\/et_pb_column][et_pb_column type=&#8221;1_5&#8243; _builder_version=&#8221;4.27.5&#8243; _module_preset=&#8221;default&#8221; background_image=&#8221;https:\/\/breakinclan.com\/wp-content\/uploads\/BGIRL-scaled-e1698843285141.jpg&#8221; global_colors_info=&#8221;{}&#8221;][et_pb_slider show_arrows=&#8221;off&#8221; show_pagination=&#8221;off&#8221; _builder_version=&#8221;4.27.5&#8243; _module_preset=&#8221;default&#8221; header_font=&#8221;Bebas Neue||||||||&#8221; background_image=&#8221;https:\/\/breakinclan.com\/wp-content\/uploads\/Diseno-sin-titulo.png&#8221; background_position=&#8221;center_left&#8221; custom_button=&#8221;on&#8221; button_text_size=&#8221;1px&#8221; button_text_color=&#8221;RGBA(255,255,255,0)&#8221; button_alignment=&#8221;center&#8221; min_height=&#8221;331.4px&#8221; custom_margin=&#8221;||-76px|||&#8221; custom_padding=&#8221;168px|22px|158px||false|&#8221; global_colors_info=&#8221;{}&#8221;][et_pb_slide heading=&#8221;RUBEN  PEROL&#8221; button_text=&#8221;Clics&#8221; _builder_version=&#8221;4.27.5&#8243; _module_preset=&#8221;default&#8221; header_font=&#8221;Bebas Neue||||||||&#8221; header_text_color=&#8221;#fdcf03&#8243; header_font_size=&#8221;28px&#8221; text_orientation=&#8221;center&#8221; header_text_shadow_style=&#8221;preset5&#8243; text_shadow_style=&#8221;preset1&#8243; text_shadow_color=&#8221;#fdcf03&#8243; global_colors_info=&#8221;{}&#8221; sticky_transition=&#8221;on&#8221;][\/et_pb_slide][\/et_pb_slider][\/et_pb_column][et_pb_column type=&#8221;1_5&#8243; _builder_version=&#8221;4.27.5&#8243; _module_preset=&#8221;default&#8221; background_image=&#8221;https:\/\/breakinclan.com\/wp-content\/uploads\/BGIRL-scaled-e1698843285141.jpg&#8221; global_colors_info=&#8221;{}&#8221;][et_pb_slider show_arrows=&#8221;off&#8221; show_pagination=&#8221;off&#8221; _builder_version=&#8221;4.27.5&#8243; _module_preset=&#8221;default&#8221; header_font=&#8221;Bebas Neue||||||||&#8221; background_image=&#8221;https:\/\/breakinclan.com\/wp-content\/uploads\/WhatsApp-Image-2023-08-31-at-12.19.22-3.jpeg&#8221; custom_button=&#8221;on&#8221; button_text_size=&#8221;1px&#8221; button_text_color=&#8221;RGBA(255,255,255,0)&#8221; button_alignment=&#8221;center&#8221; min_height=&#8221;331.4px&#8221; custom_margin=&#8221;||-76px|||&#8221; custom_padding=&#8221;168px|22px|158px||false|&#8221; global_colors_info=&#8221;{}&#8221;][et_pb_slide heading=&#8221;SERGIO PEROL&#8221; button_text=&#8221;Clics&#8221; _builder_version=&#8221;4.27.5&#8243; _module_preset=&#8221;default&#8221; header_font=&#8221;Bebas Neue||||||||&#8221; header_text_color=&#8221;#fdcf03&#8243; header_font_size=&#8221;28px&#8221; text_orientation=&#8221;center&#8221; header_text_shadow_style=&#8221;preset5&#8243; text_shadow_style=&#8221;preset1&#8243; text_shadow_color=&#8221;#fdcf03&#8243; global_colors_info=&#8221;{}&#8221; sticky_transition=&#8221;on&#8221;][\/et_pb_slide][\/et_pb_slider][\/et_pb_column][\/et_pb_row][\/et_pb_section][et_pb_section fb_built=&#8221;1&#8243; admin_label=&#8221;Footer&#8221; _builder_version=&#8221;4.27.0&#8243; _module_preset=&#8221;default&#8221; background_color=&#8221;#000000&#8243; min_height=&#8221;428.9px&#8221; saved_tabs=&#8221;all&#8221; locked=&#8221;off&#8221; collapsed=&#8221;off&#8221; global_colors_info=&#8221;{}&#8221;][et_pb_row column_structure=&#8221;3_5,2_5&#8243; _builder_version=&#8221;4.27.0&#8243; _module_preset=&#8221;default&#8221; min_height=&#8221;135.5px&#8221; custom_margin=&#8221;|128px||auto||&#8221; custom_padding=&#8221;||0px|||&#8221; global_colors_info=&#8221;{}&#8221;][et_pb_column type=&#8221;3_5&#8243; _builder_version=&#8221;4.27.0&#8243; _module_preset=&#8221;default&#8221; background_enable_image=&#8221;off&#8221; custom_padding=&#8221;|0px|22px|0px|false|false&#8221; global_colors_info=&#8221;{}&#8221;][et_pb_image src=&#8221;https:\/\/breakinclan.com\/wp-content\/uploads\/breakinclan-roi-sin-fondo-amarillo.png&#8221; title_text=&#8221;breakinclan roi sen fondo amarelo&#8221; _builder_version=&#8221;4.27.0&#8243; _module_preset=&#8221;default&#8221; global_colors_info=&#8221;{}&#8221;][\/et_pb_image][\/et_pb_column][et_pb_column type=&#8221;2_5&#8243; _builder_version=&#8221;4.27.0&#8243; _module_preset=&#8221;default&#8221; global_colors_info=&#8221;{}&#8221;][et_pb_blurb use_icon=&#8221;on&#8221; font_icon=&#8221;&#xe090;||divi||400&#8243; _builder_version=&#8221;4.27.0&#8243; _module_preset=&#8221;8aab2a3c-66c3-4ca4-8ab6-9d1d0c5a9148&#8243; custom_margin=&#8221;||20px||false|false&#8221; locked=&#8221;off&#8221; global_colors_info=&#8221;{}&#8221;]<\/p>\n<p>644 79 03 81<\/p>\n<p>[\/et_pb_blurb][et_pb_blurb use_icon=&#8221;on&#8221; font_icon=&#8221;&#xf0e0;||fa||900&#8243; _builder_version=&#8221;4.27.0&#8243; _module_preset=&#8221;8aab2a3c-66c3-4ca4-8ab6-9d1d0c5a9148&#8243; custom_margin=&#8221;||20px||false|false&#8221; locked=&#8221;off&#8221; global_colors_info=&#8221;{}&#8221;]<\/p>\n<p>break.inclan@gmail.com<\/p>\n<p>[\/et_pb_blurb][et_pb_blurb url=&#8221;https:\/\/www.google.com\/maps\/place\/\/data=!4m2!3m1!1s0xd2effa58fac953b:0xfd911eec1e0b9555?sa=X&#038;ved=1t:8290&#038;ictx=111&#8243; use_icon=&#8221;on&#8221; font_icon=&#8221;&#xf3c5;||fa||900&#8243; _builder_version=&#8221;4.27.0&#8243; _module_preset=&#8221;8aab2a3c-66c3-4ca4-8ab6-9d1d0c5a9148&#8243; width=&#8221;100%&#8221; custom_margin=&#8221;||20px||false|false&#8221; custom_padding=&#8221;|0px|||false|false&#8221; locked=&#8221;off&#8221; global_colors_info=&#8221;{}&#8221;]<\/p>\n<p>R\u00faa Nova de Abaixo 19, Santiago de Compostela, Spain, 15701<\/p>\n<p>[\/et_pb_blurb][et_pb_blurb url=&#8221;https:\/\/www.instagram.com\/breakinclan\/&#8221; use_icon=&#8221;on&#8221; font_icon=&#8221;&#xe0c8;||divi||400&#8243; _builder_version=&#8221;4.27.0&#8243; _module_preset=&#8221;8aab2a3c-66c3-4ca4-8ab6-9d1d0c5a9148&#8243; custom_margin=&#8221;||20px||false|false&#8221; locked=&#8221;off&#8221; global_colors_info=&#8221;{}&#8221;]<\/p>\n<p>Instagram: break.inclan<\/p>\n<p>[\/et_pb_blurb][et_pb_blurb url=&#8221;https:\/\/www.facebook.com\/asociacionbreakinclan\/&#8221; use_icon=&#8221;on&#8221; font_icon=&#8221;&#xe0aa;||divi||400&#8243; _builder_version=&#8221;4.27.0&#8243; _module_preset=&#8221;8aab2a3c-66c3-4ca4-8ab6-9d1d0c5a9148&#8243; custom_margin=&#8221;||20px||false|false&#8221; locked=&#8221;off&#8221; global_colors_info=&#8221;{}&#8221;]<\/p>\n<p>P\u00e1xina de facebook: BreaK Incl\u00e1n<\/p>\n<p>[\/et_pb_blurb][et_pb_blurb url=&#8221;https:\/\/www.youtube.com\/@breakinclan5499&#8243; use_icon=&#8221;on&#8221; font_icon=&#8221;&#xe0a3;||divi||400&#8243; _builder_version=&#8221;4.27.0&#8243; _module_preset=&#8221;8aab2a3c-66c3-4ca4-8ab6-9d1d0c5a9148&#8243; custom_margin=&#8221;||20px||false|false&#8221; locked=&#8221;off&#8221; global_colors_info=&#8221;{}&#8221;]<\/p>\n<p>Canal de You Tube<\/p>\n<p>[\/et_pb_blurb][et_pb_blurb url=&#8221;https:\/\/www.tiktok.com\/@break.inclan&#8221; use_icon=&#8221;on&#8221; font_icon=&#8221;&#xe07b;||fa||400&#8243; _builder_version=&#8221;4.27.0&#8243; _module_preset=&#8221;8aab2a3c-66c3-4ca4-8ab6-9d1d0c5a9148&#8243; custom_margin=&#8221;||20px||false|false&#8221; locked=&#8221;off&#8221; global_colors_info=&#8221;{}&#8221;]<\/p>\n<p>Tik Tok<\/p>\n<p>[\/et_pb_blurb][\/et_pb_column][\/et_pb_row][\/et_pb_section]<\/p>\n","protected":false},"excerpt":{"rendered":"<p>644 79 03 81break.inclan@gmail.comR\u00faa Nova de Abaixo 19, Santiago de Compostela, Spain, 15701Instagram: break.inclanP\u00e1xina de facebook: BreaK Incl\u00e1nCanal de You TubeTik Tok<\/p>\n","protected":false},"author":1,"featured_media":0,"parent":0,"menu_order":2,"comment_status":"closed","ping_status":"closed","template":"","meta":{"_et_pb_use_builder":"on","_et_pb_old_content":"","_et_gb_content_width":"","footnotes":""},"class_list":["post-1646","page","type-page","status-publish","hentry"],"yoast_head":"<!-- This site is optimized with the Yoast SEO plugin v27.5 - https:\/\/yoast.com\/product\/yoast-seo-wordpress\/ -->\n<title>Quen Somos - breakin clan<\/title>\n<meta name=\"robots\" content=\"index, follow, max-snippet:-1, max-image-preview:large, max-video-preview:-1\" \/>\n<link rel=\"canonical\" href=\"https:\/\/breakinclan.com\/gl\/quen-somos\/\" \/>\n<meta property=\"og:locale\" content=\"gl_ES\" \/>\n<meta property=\"og:type\" content=\"article\" \/>\n<meta property=\"og:title\" content=\"Quen Somos - breakin clan\" \/>\n<meta property=\"og:description\" content=\"644 79 03 81break.inclan@gmail.comR\u00faa Nova de Abaixo 19, Santiago de Compostela, Spain, 15701Instagram: break.inclanP\u00e1xina de facebook: BreaK Incl\u00e1nCanal de You TubeTik Tok\" \/>\n<meta property=\"og:url\" content=\"https:\/\/breakinclan.com\/gl\/quen-somos\/\" \/>\n<meta property=\"og:site_name\" content=\"breakin clan\" \/>\n<meta property=\"article:modified_time\" content=\"2026-01-18T17:19:35+00:00\" \/>\n<meta name=\"twitter:card\" content=\"summary_large_image\" \/>\n<meta name=\"twitter:label1\" content=\"Tempo de lectura\" \/>\n\t<meta name=\"twitter:data1\" content=\"6 minutos\" \/>\n<script type=\"application\/ld+json\" class=\"yoast-schema-graph\">{\"@context\":\"https:\\\/\\\/schema.org\",\"@graph\":[{\"@type\":\"WebPage\",\"@id\":\"https:\\\/\\\/breakinclan.com\\\/gl\\\/quen-somos\\\/\",\"url\":\"https:\\\/\\\/breakinclan.com\\\/gl\\\/quen-somos\\\/\",\"name\":\"Quen Somos - breakin clan\",\"isPartOf\":{\"@id\":\"https:\\\/\\\/breakinclan.com\\\/gl\\\/#website\"},\"datePublished\":\"2024-08-20T12:07:47+00:00\",\"dateModified\":\"2026-01-18T17:19:35+00:00\",\"breadcrumb\":{\"@id\":\"https:\\\/\\\/breakinclan.com\\\/gl\\\/quen-somos\\\/#breadcrumb\"},\"inLanguage\":\"gl-ES\",\"potentialAction\":[{\"@type\":\"ReadAction\",\"target\":[\"https:\\\/\\\/breakinclan.com\\\/gl\\\/quen-somos\\\/\"]}]},{\"@type\":\"BreadcrumbList\",\"@id\":\"https:\\\/\\\/breakinclan.com\\\/gl\\\/quen-somos\\\/#breadcrumb\",\"itemListElement\":[{\"@type\":\"ListItem\",\"position\":1,\"name\":\"Portada\",\"item\":\"https:\\\/\\\/breakinclan.com\\\/gl\\\/\"},{\"@type\":\"ListItem\",\"position\":2,\"name\":\"Quen Somos\"}]},{\"@type\":\"WebSite\",\"@id\":\"https:\\\/\\\/breakinclan.com\\\/gl\\\/#website\",\"url\":\"https:\\\/\\\/breakinclan.com\\\/gl\\\/\",\"name\":\"breakin clan\",\"description\":\"Breakinclan busca promover la pr\u00e1ctica del break dance en Santiago. En 2022 formamos el club deportivo para adaptarnos al nuevo formato competitivo.\",\"publisher\":{\"@id\":\"https:\\\/\\\/breakinclan.com\\\/gl\\\/#organization\"},\"potentialAction\":[{\"@type\":\"SearchAction\",\"target\":{\"@type\":\"EntryPoint\",\"urlTemplate\":\"https:\\\/\\\/breakinclan.com\\\/gl\\\/?s={search_term_string}\"},\"query-input\":{\"@type\":\"PropertyValueSpecification\",\"valueRequired\":true,\"valueName\":\"search_term_string\"}}],\"inLanguage\":\"gl-ES\"},{\"@type\":\"Organization\",\"@id\":\"https:\\\/\\\/breakinclan.com\\\/gl\\\/#organization\",\"name\":\"breakin clan\",\"url\":\"https:\\\/\\\/breakinclan.com\\\/gl\\\/\",\"logo\":{\"@type\":\"ImageObject\",\"inLanguage\":\"gl-ES\",\"@id\":\"https:\\\/\\\/breakinclan.com\\\/gl\\\/#\\\/schema\\\/logo\\\/image\\\/\",\"url\":\"https:\\\/\\\/breakinclan.com\\\/wp-content\\\/uploads\\\/logo-breakinclan-cuadrado.png\",\"contentUrl\":\"https:\\\/\\\/breakinclan.com\\\/wp-content\\\/uploads\\\/logo-breakinclan-cuadrado.png\",\"width\":3508,\"height\":4961,\"caption\":\"breakin clan\"},\"image\":{\"@id\":\"https:\\\/\\\/breakinclan.com\\\/gl\\\/#\\\/schema\\\/logo\\\/image\\\/\"},\"sameAs\":[\"https:\\\/\\\/www.instagram.com\\\/breakinclan\\\/?hl=es\",\"https:\\\/\\\/www.tiktok.com\\\/@break.inclan\"]}]}<\/script>\n<!-- \/ Yoast SEO plugin. -->","yoast_head_json":{"title":"Quen Somos - breakin clan","robots":{"index":"index","follow":"follow","max-snippet":"max-snippet:-1","max-image-preview":"max-image-preview:large","max-video-preview":"max-video-preview:-1"},"canonical":"https:\/\/breakinclan.com\/gl\/quen-somos\/","og_locale":"gl_ES","og_type":"article","og_title":"Quen Somos - breakin clan","og_description":"644 79 03 81break.inclan@gmail.comR\u00faa Nova de Abaixo 19, Santiago de Compostela, Spain, 15701Instagram: break.inclanP\u00e1xina de facebook: BreaK Incl\u00e1nCanal de You TubeTik Tok","og_url":"https:\/\/breakinclan.com\/gl\/quen-somos\/","og_site_name":"breakin clan","article_modified_time":"2026-01-18T17:19:35+00:00","twitter_card":"summary_large_image","twitter_misc":{"Tempo de lectura":"6 minutos"},"schema":{"@context":"https:\/\/schema.org","@graph":[{"@type":"WebPage","@id":"https:\/\/breakinclan.com\/gl\/quen-somos\/","url":"https:\/\/breakinclan.com\/gl\/quen-somos\/","name":"Quen Somos - breakin clan","isPartOf":{"@id":"https:\/\/breakinclan.com\/gl\/#website"},"datePublished":"2024-08-20T12:07:47+00:00","dateModified":"2026-01-18T17:19:35+00:00","breadcrumb":{"@id":"https:\/\/breakinclan.com\/gl\/quen-somos\/#breadcrumb"},"inLanguage":"gl-ES","potentialAction":[{"@type":"ReadAction","target":["https:\/\/breakinclan.com\/gl\/quen-somos\/"]}]},{"@type":"BreadcrumbList","@id":"https:\/\/breakinclan.com\/gl\/quen-somos\/#breadcrumb","itemListElement":[{"@type":"ListItem","position":1,"name":"Portada","item":"https:\/\/breakinclan.com\/gl\/"},{"@type":"ListItem","position":2,"name":"Quen Somos"}]},{"@type":"WebSite","@id":"https:\/\/breakinclan.com\/gl\/#website","url":"https:\/\/breakinclan.com\/gl\/","name":"breakin clan","description":"Breakinclan busca promover la pr\u00e1ctica del break dance en Santiago. En 2022 formamos el club deportivo para adaptarnos al nuevo formato competitivo.","publisher":{"@id":"https:\/\/breakinclan.com\/gl\/#organization"},"potentialAction":[{"@type":"SearchAction","target":{"@type":"EntryPoint","urlTemplate":"https:\/\/breakinclan.com\/gl\/?s={search_term_string}"},"query-input":{"@type":"PropertyValueSpecification","valueRequired":true,"valueName":"search_term_string"}}],"inLanguage":"gl-ES"},{"@type":"Organization","@id":"https:\/\/breakinclan.com\/gl\/#organization","name":"breakin clan","url":"https:\/\/breakinclan.com\/gl\/","logo":{"@type":"ImageObject","inLanguage":"gl-ES","@id":"https:\/\/breakinclan.com\/gl\/#\/schema\/logo\/image\/","url":"https:\/\/breakinclan.com\/wp-content\/uploads\/logo-breakinclan-cuadrado.png","contentUrl":"https:\/\/breakinclan.com\/wp-content\/uploads\/logo-breakinclan-cuadrado.png","width":3508,"height":4961,"caption":"breakin clan"},"image":{"@id":"https:\/\/breakinclan.com\/gl\/#\/schema\/logo\/image\/"},"sameAs":["https:\/\/www.instagram.com\/breakinclan\/?hl=es","https:\/\/www.tiktok.com\/@break.inclan"]}]}},"_links":{"self":[{"href":"https:\/\/breakinclan.com\/gl\/wp-json\/wp\/v2\/pages\/1646","targetHints":{"allow":["GET"]}}],"collection":[{"href":"https:\/\/breakinclan.com\/gl\/wp-json\/wp\/v2\/pages"}],"about":[{"href":"https:\/\/breakinclan.com\/gl\/wp-json\/wp\/v2\/types\/page"}],"author":[{"embeddable":true,"href":"https:\/\/breakinclan.com\/gl\/wp-json\/wp\/v2\/users\/1"}],"replies":[{"embeddable":true,"href":"https:\/\/breakinclan.com\/gl\/wp-json\/wp\/v2\/comments?post=1646"}],"version-history":[{"count":16,"href":"https:\/\/breakinclan.com\/gl\/wp-json\/wp\/v2\/pages\/1646\/revisions"}],"predecessor-version":[{"id":2085,"href":"https:\/\/breakinclan.com\/gl\/wp-json\/wp\/v2\/pages\/1646\/revisions\/2085"}],"wp:attachment":[{"href":"https:\/\/breakinclan.com\/gl\/wp-json\/wp\/v2\/media?parent=1646"}],"curies":[{"name":"wp","href":"https:\/\/api.w.org\/{rel}","templated":true}]}}